{"id":11,"date":"2024-12-13T17:55:58","date_gmt":"2024-12-13T17:55:58","guid":{"rendered":"https:\/\/inginmon.com.mx\/?page_id=11"},"modified":"2025-06-17T19:47:33","modified_gmt":"2025-06-17T19:47:33","slug":"nosotros","status":"publish","type":"page","link":"https:\/\/inginmon.com.mx\/index.php\/nosotros\/","title":{"rendered":"Nosotros"},"content":{"rendered":"\n<div class=\"wp-block-stackable-columns alignwide stk-block-columns stk-block stk-26773e6\" data-block-id=\"26773e6\"><div class=\"stk-row stk-inner-blocks stk-block-content stk-content-align stk-26773e6-column alignwide\">\n<div class=\"wp-block-stackable-column stk-block-column stk-column stk-block stk-015e6b3 stk-block-background\" data-v=\"4\" data-block-id=\"015e6b3\"><style>.stk-015e6b3-container{padding-top:48px !important;padding-right:48px !important;padding-bottom:48px !important;padding-left:48px !important;}@media screen and (max-width:689px){.stk-015e6b3-container{padding-top:24px !important;padding-right:24px !important;padding-bottom:24px !important;padding-left:24px !important;}}<\/style><div class=\"stk-column-wrapper stk-block-column__content stk-container stk-015e6b3-container stk--no-background stk--no-padding\"><div class=\"stk-block-content stk-inner-blocks stk-015e6b3-inner-blocks\">\n<div class=\"wp-block-stackable-columns stk-block-columns stk-block stk-5d898c1\" data-block-id=\"5d898c1\"><style>.stk-5d898c1-column{--stk-column-gap:48px !important;row-gap:32px !important;}<\/style><div class=\"stk-row stk-inner-blocks stk-block-content stk-content-align stk-5d898c1-column\">\n<div class=\"wp-block-stackable-column stk-block-column stk-column stk-block stk-6721ede\" data-v=\"4\" data-block-id=\"6721ede\"><style>.stk-6721ede-container{margin-top:0px !important;margin-right:0px !important;margin-bottom:0px !important;margin-left:0px !important;padding-top:0px !important;padding-right:0px !important;padding-bottom:0px !important;padding-left:0px !important;display:flex !important;}.stk-6721ede-inner-blocks{justify-content:center !important;}@media screen and (min-width:690px) and (max-width:999px){.stk-6721ede {flex:var(--stk-flex-grow, 1) 1 calc(100% - var(--stk-column-gap, 0px) * 0 \/ 1 ) !important;}}<\/style><div class=\"stk-column-wrapper stk-block-column__content stk-container stk-6721ede-container stk--no-background stk--no-padding\"><div class=\"stk-block-content stk-inner-blocks stk-6721ede-inner-blocks\">\n<div class=\"wp-block-stackable-heading stk-block-heading stk-block-heading--v2 stk-block stk-58aeaa0\" data-block-id=\"58aeaa0\"><h2 class=\"stk-block-heading__text\"><\/h2><\/div>\n\n\n\n<div class=\"wp-block-stackable-text stk-block-text stk-block stk-71977b4\" data-block-id=\"71977b4\"><p class=\"stk-block-text__text\">Integramos un cat\u00e1logo de servicios muy amplio, el cual va desde la Administraci\u00f3n contable y representaci\u00f3n legal hasta un servicio de limpieza o mantenimiento profesional, pasando por los dem\u00e1s servicios indispensables en un condominio como lo son: supervisi\u00f3n de personal y servicios, seguridad, control de plagas, instalaciones y reparaciones, etc.<\/p><\/div>\n\n\n\n<p>Debido a nuestra amplia experiencia, estamos seguros de poder satisfacer sus necesidades de servicio con la calidad y profesionalismo que usted merece.<\/p>\n\n\n\n<div class=\"wp-block-stackable-icon-list stk-block-icon-list stk-block stk-ec495c3\" data-block-id=\"ec495c3\"><style>.stk-ec495c3 .stk-block-icon-list-item__content{gap:6px !important;}.stk-ec495c3 {--stk-icon-list-column-count:3 !important;--stk-icon-list-icon-size:2px !important;}@media screen and (max-width:689px){.stk-ec495c3 {--stk-icon-list-column-count:1 !important;}}<\/style><svg style=\"display:none\"><defs><g id=\"stk-icon-list__icon-svg-def-ec495c3\"><svg aria-hidden=\"true\" data-prefix=\"fas\" data-icon=\"check-circle\" class=\"svg-inline--fa fa-check-circle fa-w-16\" role=\"img\" xmlns=\"http:\/\/www.w3.org\/2000\/svg\" viewBox=\"0 0 512 512\"><path fill=\"currentColor\" d=\"M504 256c0 136.967-111.033 248-248 248S8 392.967 8 256 119.033 8 256 8s248 111.033 248 248zM227.314 387.314l184-184c6.248-6.248 6.248-16.379 0-22.627l-22.627-22.627c-6.248-6.249-16.379-6.249-22.628 0L216 308.118l-70.059-70.059c-6.248-6.248-16.379-6.248-22.628 0l-22.627 22.627c-6.248 6.248-6.248 16.379 0 22.627l104 104c6.249 6.249 16.379 6.249 22.628.001z\"><\/path><\/svg><\/g><\/defs><\/svg><ul class=\"stk-block-icon-list__ul stk-block-icon-list--column\">\n<li class=\"wp-block-stackable-icon-list-item stk-block-icon-list-item stk-block stk-d14c05f\" data-block-id=\"d14c05f\"><div class=\"stk-block-icon-list-item__content\"><span class=\"stk--svg-wrapper\"><div class=\"stk--inner-svg\"><svg aria-hidden=\"true\" width=\"32\" height=\"32\"><use xlink:href=\"#stk-icon-list__icon-svg-def-ec495c3\"><\/use><\/svg><\/div><\/span><span class=\"stk-block-icon-list-item__text\"><\/span><\/div><\/li>\n<\/ul><\/div>\n<\/div><\/div><\/div>\n\n\n\n<div class=\"wp-block-stackable-column stk-block-column stk-column stk-block stk-a8f7c2f\" data-v=\"4\" data-block-id=\"a8f7c2f\"><style>.stk-a8f7c2f-container{margin-top:0px !important;margin-right:0px !important;margin-bottom:0px !important;margin-left:0px !important;padding-top:0px !important;padding-right:0px !important;padding-bottom:0px !important;padding-left:0px !important;}@media screen and (min-width:690px) and (max-width:999px){.stk-a8f7c2f {flex:var(--stk-flex-grow, 1) 1 calc(100% - var(--stk-column-gap, 0px) * 0 \/ 1 ) !important;}}<\/style><div class=\"stk-column-wrapper stk-block-column__content stk-container stk-a8f7c2f-container stk--no-background stk--no-padding\"><div class=\"stk-block-content stk-inner-blocks stk-a8f7c2f-inner-blocks\">\n<figure class=\"wp-block-image size-full\"><img loading=\"lazy\" decoding=\"async\" width=\"786\" height=\"640\" src=\"https:\/\/inginmon.com.mx\/wp-content\/uploads\/2025\/06\/image-2.png\" alt=\"\" class=\"wp-image-68\" srcset=\"https:\/\/inginmon.com.mx\/wp-content\/uploads\/2025\/06\/image-2.png 786w, https:\/\/inginmon.com.mx\/wp-content\/uploads\/2025\/06\/image-2-300x244.png 300w, https:\/\/inginmon.com.mx\/wp-content\/uploads\/2025\/06\/image-2-768x625.png 768w\" sizes=\"auto, (max-width: 786px) 100vw, 786px\" \/><\/figure>\n<\/div><\/div><\/div>\n<\/div><\/div>\n<\/div><\/div><\/div>\n<\/div><\/div>\n","protected":false},"excerpt":{"rendered":"<p>Integramos un cat\u00e1logo de servicios muy amplio, el cual va desde la Administraci\u00f3n contable y representaci\u00f3n legal hasta un servicio de limpieza o mantenimiento profesional, pasando por los dem\u00e1s servicios indispensables en un condominio como lo son: supervisi\u00f3n de personal y servicios, seguridad, control de plagas, instalaciones y reparaciones, etc. Debido a nuestra amplia experiencia, [&hellip;]<\/p>\n","protected":false},"author":1,"featured_media":0,"parent":0,"menu_order":0,"comment_status":"closed","ping_status":"closed","template":"","meta":{"footnotes":""},"class_list":["post-11","page","type-page","status-publish","hentry"],"blocksy_meta":[],"_links":{"self":[{"href":"https:\/\/inginmon.com.mx\/index.php\/wp-json\/wp\/v2\/pages\/11","targetHints":{"allow":["GET"]}}],"collection":[{"href":"https:\/\/inginmon.com.mx\/index.php\/wp-json\/wp\/v2\/pages"}],"about":[{"href":"https:\/\/inginmon.com.mx\/index.php\/wp-json\/wp\/v2\/types\/page"}],"author":[{"embeddable":true,"href":"https:\/\/inginmon.com.mx\/index.php\/wp-json\/wp\/v2\/users\/1"}],"replies":[{"embeddable":true,"href":"https:\/\/inginmon.com.mx\/index.php\/wp-json\/wp\/v2\/comments?post=11"}],"version-history":[{"count":5,"href":"https:\/\/inginmon.com.mx\/index.php\/wp-json\/wp\/v2\/pages\/11\/revisions"}],"predecessor-version":[{"id":70,"href":"https:\/\/inginmon.com.mx\/index.php\/wp-json\/wp\/v2\/pages\/11\/revisions\/70"}],"wp:attachment":[{"href":"https:\/\/inginmon.com.mx\/index.php\/wp-json\/wp\/v2\/media?parent=11"}],"curies":[{"name":"wp","href":"https:\/\/api.w.org\/{rel}","templated":true}]}}