{"id":20,"date":"2024-12-13T17:56:36","date_gmt":"2024-12-13T17:56:36","guid":{"rendered":"https:\/\/inginmon.com.mx\/?page_id=20"},"modified":"2025-06-17T19:49:14","modified_gmt":"2025-06-17T19:49:14","slug":"inicio","status":"publish","type":"page","link":"https:\/\/inginmon.com.mx\/index.php\/inicio\/","title":{"rendered":"Inicio"},"content":{"rendered":"\n<p>una empresa especializada en la prestaci\u00f3n de servicios de corretaje, gerencia integral de proyectos, facilities management, gerencia estrat\u00e9gica de inmuebles, consultor\u00eda y valuaci\u00f3n, estructuraci\u00f3n y desarrollo de proyectos, sino tambi\u00e9n una empresa capacitada que se centra en el cuidado y satisfacci\u00f3n del cliente pero tambi\u00e9n beneficiando al mejor ambiente.<\/p>\n\n\n\n<div class=\"wp-block-stackable-columns alignwide stk-block-columns stk-block stk-fec3551\" data-block-id=\"fec3551\"><style>.stk-fec3551 {padding-top:80px !important;padding-bottom:80px !important;}<\/style><div class=\"stk-row stk-inner-blocks stk-block-content stk-content-align stk-fec3551-column alignwide\">\n<div class=\"wp-block-stackable-column stk-block-column stk-column stk-block stk-b6f5f4d\" data-v=\"4\" data-block-id=\"b6f5f4d\"><div class=\"stk-column-wrapper stk-block-column__content stk-container stk-b6f5f4d-container stk--no-background stk--no-padding\"><div class=\"stk-block-content stk-inner-blocks stk-b6f5f4d-inner-blocks\">\n<div class=\"wp-block-stackable-heading stk-block-heading stk-block-heading--v2 stk-block stk-fce706b\" id=\"servicios-exclusivos-para-propietarios\" data-block-id=\"fce706b\"><h2 class=\"stk-block-heading__text has-text-align-center\">Servicios Exclusivos para Propietarios<\/h2><\/div>\n\n\n\n<p><strong>Comercializaci\u00f3n de inmuebles o inversi\u00f3n inmobiliaria.<\/strong><\/p>\n\n\n\n<p>Con la llegada de los medios digitales y la tecnolog\u00eda, la mejor forma para la captaci\u00f3n de posibles clientes es a trav\u00e9s de la innovaci\u00f3n, pero \u00bfc\u00f3mo?<\/p>\n\n\n\n<ul class=\"wp-block-list\">\n<li>Promoci\u00f3n inmobiliaria de los inmuebles, una estrategia de marketing completa para sus inmuebles; portales Inmobiliarios, Redes sociales, Pagina Web con un call yo action claro as\u00ed ser\u00e1 mucho m\u00e1s afectiva y viral la comercializaci\u00f3n de sus inmuebles.<\/li>\n\n\n\n<li>Uso de tecnolog\u00eda avanzada y propuestas enfocadas en la necesidad del cliente, Recorridos digitales 360 entendimiento de las necesidades y resoluci\u00f3n de problemas por medio de metodolog\u00edas modernas.<\/li>\n\n\n\n<li>Expertos enfocados en el resultado, expertos que hacen que las cosas pasen usando como prioridad el servicio de excelencia.<\/li>\n<\/ul>\n\n\n\n<div class=\"wp-block-stackable-card stk-block-card stk-block stk-b3955e5 is-style-horizontal\" data-v=\"2\" data-block-id=\"b3955e5\"><style>.stk-b3955e5 .stk-block-card__image{width:490px !important;height:100% !important;}@media screen and (max-width:689px){.stk-b3955e5 .stk-block-card__image{height:250px !important;}}<\/style><div class=\"stk--no-padding stk-container stk-b3955e5-container stk-hover-parent\"><figure class=\"stk-block-card__image stk-img-wrapper stk-image--shape-stretch\"><img loading=\"lazy\" decoding=\"async\" class=\"stk-img wp-image-38\" src=\"https:\/\/inginmon.com.mx\/wp-content\/uploads\/2024\/12\/image-3.png\" width=\"318\" height=\"159\" srcset=\"https:\/\/inginmon.com.mx\/wp-content\/uploads\/2024\/12\/image-3.png 318w, https:\/\/inginmon.com.mx\/wp-content\/uploads\/2024\/12\/image-3-300x150.png 300w\" sizes=\"auto, (max-width: 318px) 100vw, 318px\" \/><\/figure><div class=\"stk-container-padding stk-block-card__content\"><div class=\"stk-block-content stk-inner-blocks stk-b3955e5-inner-blocks\">\n<div class=\"wp-block-stackable-subtitle stk-block-subtitle stk-block stk-cb3f346\" data-block-id=\"cb3f346\"><p class=\"stk-block-subtitle__text stk-subtitle\"><\/p><\/div>\n\n\n\n<div class=\"wp-block-stackable-heading stk-block-heading stk-block-heading--v2 stk-block stk-1074ed8\" id=\"flexibilidad-total-tu-decides-las-fechas-y-nosotros-gestionamos-todo\" data-block-id=\"1074ed8\"><h3 class=\"stk-block-heading__text\">Flexibilidad total. T\u00fa decides las fechas y nosotros gestionamos todo.<\/h3><\/div>\n\n\n\n<div class=\"wp-block-stackable-text stk-block-text stk-block stk-b5187c6\" data-block-id=\"b5187c6\"><p class=\"stk-block-text__text\"><\/p><\/div>\n<\/div><\/div><\/div><\/div>\n\n\n\n<div class=\"wp-block-stackable-columns stk-block-columns stk-block stk-d2742dc\" data-block-id=\"d2742dc\"><style>.stk-d2742dc-column{--stk-column-gap:24px !important;row-gap:24px !important;}<\/style><div class=\"stk-row stk-inner-blocks stk-block-content stk-content-align stk-d2742dc-column\">\n<div class=\"wp-block-stackable-column stk-block-column stk-column stk-block stk-58ccb3c\" data-v=\"4\" data-block-id=\"58ccb3c\"><style>.stk-58ccb3c-container{margin-top:0px !important;margin-right:0px !important;margin-bottom:0px !important;margin-left:0px !important;}<\/style><div class=\"stk-column-wrapper stk-block-column__content stk-container stk-58ccb3c-container stk--no-background stk--no-padding\"><div class=\"stk-block-content stk-inner-blocks stk-58ccb3c-inner-blocks\">\n<div class=\"wp-block-stackable-card stk-block-card stk-block stk-7b9aa15 is-style-horizontal\" data-v=\"2\" data-block-id=\"7b9aa15\"><style>.stk-7b9aa15-container{box-shadow:none !important;}.stk-7b9aa15 .stk-block-card__image{width:275px !important;height:100% !important;}@media screen and (max-width:689px){.stk-7b9aa15 .stk-block-card__image{height:250px !important;}}<\/style><div class=\"stk--no-padding stk-container stk-7b9aa15-container stk-hover-parent\"><figure class=\"stk-block-card__image stk-img-wrapper stk-image--shape-stretch\"><img loading=\"lazy\" decoding=\"async\" class=\"stk-img wp-image-36\" src=\"https:\/\/inginmon.com.mx\/wp-content\/uploads\/2024\/12\/image-2.png\" width=\"800\" height=\"600\" srcset=\"https:\/\/inginmon.com.mx\/wp-content\/uploads\/2024\/12\/image-2.png 800w, https:\/\/inginmon.com.mx\/wp-content\/uploads\/2024\/12\/image-2-300x225.png 300w, https:\/\/inginmon.com.mx\/wp-content\/uploads\/2024\/12\/image-2-768x576.png 768w\" sizes=\"auto, (max-width: 800px) 100vw, 800px\" \/><\/figure><div class=\"stk-container-padding stk-block-card__content\"><div class=\"stk-block-content stk-inner-blocks stk-7b9aa15-inner-blocks\">\n<div class=\"wp-block-stackable-subtitle stk-block-subtitle stk-block stk-0dbd5a1\" data-block-id=\"0dbd5a1\"><style>@media screen and (max-width:999px){.stk-0dbd5a1 {margin-bottom:0px !important;}}<\/style><p class=\"stk-block-subtitle__text stk-subtitle\"><\/p><\/div>\n\n\n\n<div class=\"wp-block-stackable-heading stk-block-heading stk-block-heading--v2 stk-block stk-001c481\" id=\"mantenimiento-y-limpieza-tu-propiedad-siempre-en-optimas-condiciones\" data-block-id=\"001c481\"><h3 class=\"stk-block-heading__text\">Mantenimiento y limpieza Tu propiedad siempre en \u00f3ptimas condiciones.<\/h3><\/div>\n\n\n\n<div class=\"wp-block-stackable-text stk-block-text stk-block stk-09dd93f\" data-block-id=\"09dd93f\"><p class=\"stk-block-text__text\"><\/p><\/div>\n<\/div><\/div><\/div><\/div>\n<\/div><\/div><\/div>\n\n\n\n<div class=\"wp-block-stackable-column stk-block-column stk-column stk-block stk-05b980e\" data-v=\"4\" data-block-id=\"05b980e\"><style>.stk-05b980e-container{margin-top:0px !important;margin-right:0px !important;margin-bottom:0px !important;margin-left:0px !important;}<\/style><div class=\"stk-column-wrapper stk-block-column__content stk-container stk-05b980e-container stk--no-background stk--no-padding\"><div class=\"stk-block-content stk-inner-blocks stk-05b980e-inner-blocks\">\n<div class=\"wp-block-stackable-card stk-block-card stk-block stk-3983c05 is-style-horizontal\" data-v=\"2\" data-block-id=\"3983c05\"><style>.stk-3983c05-container{box-shadow:none !important;}.stk-3983c05 .stk-block-card__image{width:300px !important;height:100% !important;}@media screen and (max-width:689px){.stk-3983c05 .stk-block-card__image{height:250px !important;}}<\/style><div class=\"stk--no-padding stk-container stk-3983c05-container stk-hover-parent\"><figure class=\"stk-block-card__image stk-img-wrapper stk-image--shape-stretch\"><img loading=\"lazy\" decoding=\"async\" class=\"stk-img wp-image-35\" src=\"https:\/\/inginmon.com.mx\/wp-content\/uploads\/2024\/12\/image-1.png\" width=\"1200\" height=\"800\" srcset=\"https:\/\/inginmon.com.mx\/wp-content\/uploads\/2024\/12\/image-1.png 1200w, https:\/\/inginmon.com.mx\/wp-content\/uploads\/2024\/12\/image-1-300x200.png 300w, https:\/\/inginmon.com.mx\/wp-content\/uploads\/2024\/12\/image-1-1024x683.png 1024w, https:\/\/inginmon.com.mx\/wp-content\/uploads\/2024\/12\/image-1-768x512.png 768w\" sizes=\"auto, (max-width: 1200px) 100vw, 1200px\" \/><\/figure><div class=\"stk-container-padding stk-block-card__content\"><div class=\"stk-block-content stk-inner-blocks stk-3983c05-inner-blocks\">\n<div class=\"wp-block-stackable-subtitle stk-block-subtitle stk-block stk-8856c14\" data-block-id=\"8856c14\"><p class=\"stk-block-subtitle__text stk-subtitle\">Subtitle <\/p><\/div>\n\n\n\n<div class=\"wp-block-stackable-heading stk-block-heading stk-block-heading--v2 stk-block stk-08c38b2\" id=\"estructuracion-y-desarrollo-de-proyectos-desde-cero-donde-se-realiza-desde-la-prefactibilidad-para-proyectos\" data-block-id=\"08c38b2\"><h3 class=\"stk-block-heading__text\">Estructuraci\u00f3n y desarrollo de proyectos desde cero donde se realiza desde la Prefactibilidad para proyectos<\/h3><\/div>\n\n\n\n<ul class=\"wp-block-list\">\n<li>Estructuraci\u00f3n y desarrollo de proyectos desde cero donde se realiza desde la Prefactibilidad para proyectos inmobiliarios hasta Gerencia de Desarrollo de Proyectos Inmobiliarios.<\/li>\n<\/ul>\n<\/div><\/div><\/div><\/div>\n<\/div><\/div><\/div>\n<\/div><\/div>\n<\/div><\/div><\/div>\n<\/div><\/div>\n\n\n\n<p><\/p>\n","protected":false},"excerpt":{"rendered":"<p>una empresa especializada en la prestaci\u00f3n de servicios de corretaje, gerencia integral de proyectos, facilities management, gerencia estrat\u00e9gica de inmuebles, consultor\u00eda y valuaci\u00f3n, estructuraci\u00f3n y desarrollo de proyectos, sino tambi\u00e9n una empresa capacitada que se centra en el cuidado y satisfacci\u00f3n del cliente pero tambi\u00e9n beneficiando al mejor ambiente. Servicios Exclusivos para Propietarios Comercializaci\u00f3n de [&hellip;]<\/p>\n","protected":false},"author":1,"featured_media":0,"parent":0,"menu_order":0,"comment_status":"closed","ping_status":"closed","template":"","meta":{"footnotes":""},"class_list":["post-20","page","type-page","status-publish","hentry"],"blocksy_meta":{"has_hero_section":"disabled","styles_descriptor":{"styles":{"desktop":"","tablet":"","mobile":""},"google_fonts":[],"version":6}},"_links":{"self":[{"href":"https:\/\/inginmon.com.mx\/index.php\/wp-json\/wp\/v2\/pages\/20","targetHints":{"allow":["GET"]}}],"collection":[{"href":"https:\/\/inginmon.com.mx\/index.php\/wp-json\/wp\/v2\/pages"}],"about":[{"href":"https:\/\/inginmon.com.mx\/index.php\/wp-json\/wp\/v2\/types\/page"}],"author":[{"embeddable":true,"href":"https:\/\/inginmon.com.mx\/index.php\/wp-json\/wp\/v2\/users\/1"}],"replies":[{"embeddable":true,"href":"https:\/\/inginmon.com.mx\/index.php\/wp-json\/wp\/v2\/comments?post=20"}],"version-history":[{"count":11,"href":"https:\/\/inginmon.com.mx\/index.php\/wp-json\/wp\/v2\/pages\/20\/revisions"}],"predecessor-version":[{"id":72,"href":"https:\/\/inginmon.com.mx\/index.php\/wp-json\/wp\/v2\/pages\/20\/revisions\/72"}],"wp:attachment":[{"href":"https:\/\/inginmon.com.mx\/index.php\/wp-json\/wp\/v2\/media?parent=20"}],"curies":[{"name":"wp","href":"https:\/\/api.w.org\/{rel}","templated":true}]}}